{"id":31739,"date":"2026-05-10T15:46:55","date_gmt":"2026-05-10T15:46:55","guid":{"rendered":"https:\/\/huggleup.shop\/product\/spino-e1-poolroboter-akku-boden-und-wand-210-min-kabellos-poolsauger-max-21950-lph-poolreiniger-mit-5-reinigungsmodi-auto-wasserlinien-parkfunktion-weiss-gelb\/"},"modified":"2026-05-10T15:46:56","modified_gmt":"2026-05-10T15:46:56","slug":"spino-e1-poolroboter-akku-boden-und-wand-210-min-kabellos-poolsauger-max-21950-lph-poolreiniger-mit-5-reinigungsmodi-auto-wasserlinien-parkfunktion-weiss-gelb","status":"publish","type":"product","link":"https:\/\/huggleup.shop\/en\/product\/spino-e1-poolroboter-akku-boden-und-wand-210-min-kabellos-poolsauger-max-21950-lph-poolreiniger-mit-5-reinigungsmodi-auto-wasserlinien-parkfunktion-weiss-gelb\/","title":{"rendered":"Spino E1 Poolroboter Akku Boden Wand 21950 LPH 210 Min 5 Reinigungsmodi Wasserlinien-Park Wei\u00df-Gelb"},"content":{"rendered":"<p><strong>Product Overview<\/strong><\/p>\n<ul>\n<li>\n<strong>Marke:<\/strong> Spino<\/li>\n<li>\n<strong>Modellname:<\/strong> Spino E1<\/li>\n<li>\n<strong>Material:<\/strong> <\/li>\n<li>\n<strong>Farbe:<\/strong> Wei\u00df-Gelb<\/li>\n<li>\n<strong>Produktabmessungen:<\/strong> 44,4L x 41,2B x 23,3H cm<\/li>\n<\/ul>\n<p><strong>Product Features<\/strong><\/p>\n<ul>\n<li>Ultra-starke Saugleistung &#038; feine Filtration: Dank seines dreifachen b\u00fcrstenlosen Hochleistungsmotors liefert dieser kabellose Poolroboter eine starke Saugkraft von 21.950 LPH MAX. Ausgestattet mit einem herausnehmbaren Filterkorb f\u00e4ngt er alles auf seinem Weg auf, von Bl\u00e4ttern bis zu 180-Mikron-Partikeln. Nichts entgeht ihm und bietet Ihnen absolutes Wasser auf allen Oberfl\u00e4chen<\/li>\n<li>SmartArc Planung und intelligente Navigation: Dank seiner mehrfachen hochpr\u00e4zisen Sensoren und fortschrittlichen Algorithmen optimiert der kabellose Poolroboter SPINO E1 seine Flugbahnen, indem er seine Richtung nach jedem Zyklus um 45\u00b0 einstellt. Er klettert Steigungen von 0 bis 45\u00b0, klettert W\u00e4nde zwischen 45 und 110\u00b0 und vermeidet Hindernisse bis zu 3 cm, um eine vollst\u00e4ndige Abdeckung und eine effektive Reinigung ohne Anstrengung zu gew\u00e4hrleisten<\/li>\n<li>Laufzeit und Leistung von 210 Min mit einem einzigen Gang: Ausgestattet mit einem 6000 mAh Akku bietet der SPINO Poolroboter nach nur 3 Stunden Ladezeit bis zu 210 Minuten kontinuierliche Reinigung im Bodenmodus. Geeignet f\u00fcr Pools bis 150 m\u00b2 mit einer Tiefe von 0,6 bis 3 m. Bei schwacher Batterie oder nach Abschluss der Reinigung l\u00e4sst sich der SPINO E1 automatisch in Randn\u00e4he verstauen und ist 15 Minuten dort f\u00fcr eine einfache und schnelle Erholung<\/li>\n<li>Ein-Knopf-Start, 5 Modi-Optionen: W\u00e4hlen Sie zwischen den Modi Boden, Wand, Voll, Eco (3 Zyklen\/Woche) oder Max je nach Bedarf. Verfolgen Sie mit der App den Status Ihres Akkus in Echtzeit und genie\u00dfen Sie OTA-Updates f\u00fcr eine intelligente Reinigung und eine immer Top-Leistung. Hinweis: Die Steuerung \u00fcber die App ist nur verf\u00fcgbar, wenn der Poolsauger au\u00dferhalb des Wassers ist<\/li>\n<li>Gr\u00fcndliche Reinigung der Wasserlinie: Ausgestattet mit einer aktivierten Rolle aus PVC von 289,6 mm und einer adaptiven Klettertechnologie entfernt der SPINO E1 Poolroboter gr\u00fcndlich Schmutz, Algen und hartn\u00e4ckige Ablagerungen entlang der Wasserlinie f\u00fcr ein makelloses Ergebnis<\/li>\n<li>Kompatibel mit allen Pools: Der Poolroboter navigiert sicher und effektiv auf verschiedenen Oberfl\u00e4chen, einschlie\u00dflich Fiberglas, Vinyl, Fliesen, Kies, Naturstein und Beton, und sorgt f\u00fcr eine gr\u00fcndliche und gr\u00fcndliche Reinigung<\/li>\n<li>L\u00e4ngere und zuverl\u00e4ssige Lebensdauer: Hergestellt aus UV-best\u00e4ndigen Materialien, IPX8-Wasserdichtigkeit und einem wasserdichten Doppelschicht-Akku. Der Akku des oberirdischen Poolroboters ist so konzipiert, dass er rauen Au\u00dfenbedingungen und l\u00e4ngerem Unterwassereinsatz standh\u00e4lt. Salzwasserbest\u00e4ndigkeit: bis zu 5.000 ppm, was es zu einer geeigneten Wahl f\u00fcr Salzwasserpools macht. SPINO E1 kabelloser Poolroboter bietet 2 Jahre Garantie<\/li>\n<\/ul>\n<p><strong>Product Information<\/strong><\/p>\n<ul>\n<table style=\"margin-bottom:20px\">\n<tbody>\n<tr>\n<td><strong>Betriebsart<\/strong><\/td>\n<td>Batteriebetrieben<\/td>\n<\/tr>\n<tr>\n<td><strong>Besondere Merkmale<\/strong><\/td>\n<td>SmartArc Navigation, 5 Modi (Boden, Wand, Voll, Eco, Max), App-Steuerung, OTA-Updates, Automatisches Parken an der Wasserlinie, Herausnehmbarer Filterkorb, 180-Mikron-Filtration, Hinderniserkennung bis 3 cm, Steigungen 0-45\u00b0, Wandklettern 45-110\u00b0<\/td>\n<\/tr>\n<tr>\n<td><strong>Steuerungsart<\/strong><\/td>\n<td>App<\/td>\n<\/tr>\n<tr>\n<td><strong>Effizienz<\/strong><\/td>\n<td>Hohe Saugkraft, Hoch effizient, Zeit-effizient<\/td>\n<\/tr>\n<tr>\n<td><strong>Kapazit\u00e4t Lithium-Akku<\/strong><\/td>\n<td>6000 Milliamperestunde (mAh)<\/td>\n<\/tr>\n<tr>\n<td><strong>Batteriebeschreibung<\/strong><\/td>\n<td>Lithium-Ionen, 12V<\/td>\n<\/tr>\n<tr>\n<td><strong>Ladedauer<\/strong><\/td>\n<td>3 Stunden<\/td>\n<\/tr>\n<tr>\n<td><strong>Capacity<\/strong><\/td>\n<td>21950 LPH<\/td>\n<\/tr>\n<tr>\n<td><strong>Erforderliche Montage<\/strong><\/td>\n<td>Nein<\/td>\n<\/tr>\n<tr>\n<td><strong>Art der Garantie<\/strong><\/td>\n<td>2 Jahre Garantie<\/td>\n<\/tr>\n<tr>\n<td><strong>Montageart<\/strong><\/td>\n<td>robotic<\/td>\n<\/tr>\n<tr>\n<td><strong>Material<\/strong><\/td>\n<td>UV-best\u00e4ndige Materialien, PVC-Rolle, Fiberglas, Vinyl, Fliesen, Kies, Naturstein und Beton kompatibel<\/td>\n<\/tr>\n<tr>\n<td><strong>Farbe<\/strong><\/td>\n<td>Wei\u00df-Gelb<\/td>\n<\/tr>\n<tr>\n<td><strong>Artikel Abmessungen L x B x H<\/strong><\/td>\n<td>44,4L x 41,2B x 23,3H cm<\/td>\n<\/tr>\n<tr>\n<td><strong>Battery Weight<\/strong><\/td>\n<td>2,5 Gramm<\/td>\n<\/tr>\n<tr>\n<td><strong>Marke<\/strong><\/td>\n<td>Spino<\/td>\n<\/tr>\n<tr>\n<td><strong>Modellname<\/strong><\/td>\n<td>Spino E1<\/td>\n<\/tr>\n<tr>\n<td><strong>Modelljahr<\/strong><\/td>\n<td>2026<\/td>\n<\/tr>\n<tr>\n<td><strong>Artikelnummer<\/strong><\/td>\n<td>MTL25SPNEU02<\/td>\n<\/tr>\n<tr>\n<td><strong>Modellnummer<\/strong><\/td>\n<td>MTL25SPNEU02<\/td>\n<\/tr>\n<tr>\n<td><strong>Artikeltypbezeichnung<\/strong><\/td>\n<td>Poolroboter<\/td>\n<\/tr>\n<tr>\n<td><strong>Hersteller<\/strong><\/td>\n<td>Spino<\/td>\n<\/tr>\n<tr>\n<td><strong>Amazon Bestseller-Rang<\/strong><\/td>\n<td><\/td>\n<\/tr>\n<tr>\n<td><strong>ASIN<\/strong><\/td>\n<td>B0GN83TQ1S<\/td>\n<\/tr>\n<tr>\n<td><strong>Durchschnittliche Kundenbewertung<\/strong><\/td>\n<td><\/td>\n<\/tr>\n<\/tbody>\n<\/table>\n<\/ul>","protected":false},"excerpt":{"rendered":"<p>Product Overview Marke: Spino Modellname: Spino E1 Material: Farbe: Wei\u00df-Gelb Produktabmessungen: 44,4L x 41,2B x 23,3H cm Product Features Ultra-starke<\/p>","protected":false},"featured_media":31846,"comment_status":"open","ping_status":"closed","template":"","meta":[],"product_brand":[],"product_cat":[153],"product_tag":[],"class_list":{"0":"post-31739","1":"product","2":"type-product","3":"status-publish","4":"has-post-thumbnail","6":"product_cat-poolroboter","8":"first","9":"instock","10":"sale","11":"shipping-taxable","12":"purchasable","13":"product-type-variable"},"jetpack_sharing_enabled":true,"_links":{"self":[{"href":"https:\/\/huggleup.shop\/en\/wp-json\/wp\/v2\/product\/31739","targetHints":{"allow":["GET"]}}],"collection":[{"href":"https:\/\/huggleup.shop\/en\/wp-json\/wp\/v2\/product"}],"about":[{"href":"https:\/\/huggleup.shop\/en\/wp-json\/wp\/v2\/types\/product"}],"replies":[{"embeddable":true,"href":"https:\/\/huggleup.shop\/en\/wp-json\/wp\/v2\/comments?post=31739"}],"version-history":[{"count":0,"href":"https:\/\/huggleup.shop\/en\/wp-json\/wp\/v2\/product\/31739\/revisions"}],"wp:featuredmedia":[{"embeddable":true,"href":"https:\/\/huggleup.shop\/en\/wp-json\/wp\/v2\/media\/31846"}],"wp:attachment":[{"href":"https:\/\/huggleup.shop\/en\/wp-json\/wp\/v2\/media?parent=31739"}],"wp:term":[{"taxonomy":"product_brand","embeddable":true,"href":"https:\/\/huggleup.shop\/en\/wp-json\/wp\/v2\/product_brand?post=31739"},{"taxonomy":"product_cat","embeddable":true,"href":"https:\/\/huggleup.shop\/en\/wp-json\/wp\/v2\/product_cat?post=31739"},{"taxonomy":"product_tag","embeddable":true,"href":"https:\/\/huggleup.shop\/en\/wp-json\/wp\/v2\/product_tag?post=31739"}],"curies":[{"name":"wp","href":"https:\/\/api.w.org\/{rel}","templated":true}]}}