{"id":31736,"date":"2026-05-10T15:46:54","date_gmt":"2026-05-10T15:46:54","guid":{"rendered":"https:\/\/huggleup.shop\/product\/2026-upgrade-pc20-poolroboter-boden-und-wand-wasserlinienreinigung-intelligenter-navigation-18927lph-leistungsstarker-poolsauger-mit-app-steuerung-poolsauger-fur-pools-bis-zu-170\/"},"modified":"2026-05-10T15:46:55","modified_gmt":"2026-05-10T15:46:55","slug":"2026-upgrade-pc20-poolroboter-boden-und-wand-wasserlinienreinigung-intelligenter-navigation-18927lph-leistungsstarker-poolsauger-mit-app-steuerung-poolsauger-fur-pools-bis-zu-170","status":"publish","type":"product","link":"https:\/\/huggleup.shop\/en\/product\/2026-upgrade-pc20-poolroboter-boden-und-wand-wasserlinienreinigung-intelligenter-navigation-18927lph-leistungsstarker-poolsauger-mit-app-steuerung-poolsauger-fur-pools-bis-zu-170\/","title":{"rendered":"PC20 Poolroboter Akku Kabellos Boden Wand Wasserlinie 18927 LPH App-Steuerung 170m\u00b2 2026"},"content":{"rendered":"<p><strong>Product Overview<\/strong><\/p>\n<ul>\n<li>\n<strong>Marke:<\/strong> BOTLUXE<\/li>\n<li>\n<strong>Modellname:<\/strong> PC20-Schwarz<\/li>\n<li>\n<strong>Farbe:<\/strong> Schwarz<\/li>\n<li>\n<strong>Produktabmessungen:<\/strong> 48L x 41B x 23H cm<\/li>\n<li>\n<strong>Stromquelle:<\/strong> Batteriebetrieben<\/li>\n<\/ul>\n<p><strong>Product Features<\/strong><\/p>\n<ul>\n<li>\u3010Hervorragende Reinigungsleistung\u3011Der PC20 Poolroboter ist komplett kabellos und mit zwei Antriebsmotoren sowie einer Pumpenmotor ausgestattet. Mit einer maximalen Filterrate von 18.927 LPH entfernt er effizient Sand, Bl\u00e4tter und hartn\u00e4ckigen Schmutz aus dem Pool, was kristallklares Wasser gew\u00e4hrleistet.<\/li>\n<li>\u3010Poolreinigung Modi\u3011 Dieser kabellose Poolroboter bietet AUTO Modus, FLOOR Modus und WALL Modus, um effektiv den Poolboden, die W\u00e4nde und die Wasserlinie zu reinigen. Im AUTO Modus wird die Reinigungszeit intelligent aufgeteilt: Bei einem Akkustand \u00fcber 50% werden zun\u00e4chst die W\u00e4nde und die Wasserlinie gereinigt, dann schrittweise vertieft; bei einem Akkustand unter 50% wird der Poolboden gr\u00fcndlich gereinigt.<\/li>\n<li>\u3010Intelligentes Navigationssystem\u3011Dank der fortschrittlichsten Technologie von BOTLUXE reinigt dieser akkubetriebene Poolroboter pr\u00e4zise entlang spezifischer Routen (N-f\u00f6rmige Bahnen an den W\u00e4nden, S-f\u00f6rmige Bahnen am Boden). Durch herausragende Saugkraft und 2 aktive B\u00fcrstenk\u00f6pfe bew\u00e4ltigt er m\u00fchelos verschiedene Oberfl\u00e4chen wie Fliesen, Vinyl, Stein, Glas und Mosaik.<\/li>\n<li>\u3010App-Steuerung &#038; OTA-Updates\u3011\u00dcber die Smart Life App steuern Sie Ihren Poolsauger m\u00fchelos: Wechseln Sie nach Belieben den Reinigungsmodus, regulieren Sie die Saugkraft, legen Sie die Laufzeit fest und profitieren Sie von automatischen OTA-Updates, die kontinuierlich Funktionsverbesserungen bieten f\u00fcr mehr mehr Kontrolle und Komfort.<\/li>\n<li>\u3010Lange Laufzeit\u3011Der BOTLUXE Poolroboter verf\u00fcgt \u00fcber einen leistungsstarken 5.200-mAh-Lithium-Ionen-Akku, der einen effizienten und energiearmen Betrieb erm\u00f6glicht. Die Ladezeit betr\u00e4gt lediglich circa 2,5 Stunden. Er eignet sich f\u00fcr alle Arten von ober- und unterirdischen Pools (rund, rechteckig, nierenf\u00f6rmig und freigeformt) mit einer Fl\u00e4che von bis zu 170 Quadratmetern und einer Wassertiefe von bis zu 3 Metern.<\/li>\n<li>\u30104L Filterkorb &#038; 150\u00b5m Filtersieb\u3011Der 4-Liter-Filterkorb f\u00e4ngt Tr\u00fcmmer ab, die klein wie 150 Mikrometer sind, was eine effiziente Reinigung mit weniger h\u00e4ufiger Entleerung gew\u00e4hrleistet. Nachdem die Aufgabe erledigt ist, m\u00fcssen Sie einfach den Deckel abnehmen und den Filter mit einem Wasser schlauch sp\u00fclen.<\/li>\n<li>\u3010Verpackung und Garantie\u3011Die Lieferung umfasst den BOTLUXE PC20 Roboter-Poolreiniger (Mit eingebautem Filter), Netzadapter, Haken und Wartungskit. BOTLUXE bietet einen 2-Jahre-Garantiedienst. Wenn Sie Fragen haben, stehen wir Ihnen jederzeit zur Verf\u00fcgung.<\/li>\n<\/ul>\n<p><strong>Product Information<\/strong><\/p>\n<ul>\n<table style=\"margin-bottom:20px\">\n<tbody>\n<tr>\n<td><strong>Betriebsart<\/strong><\/td>\n<td>Batteriebetrieben<\/td>\n<\/tr>\n<tr>\n<td><strong>Kapazit\u00e4t Lithium-Akku<\/strong><\/td>\n<td>5000 Milliamperestunde (mAh)<\/td>\n<\/tr>\n<tr>\n<td><strong>Anzahl der Batterien<\/strong><\/td>\n<td>1 Lithium-Ionen Batterien erforderlich (enthalten).<\/td>\n<\/tr>\n<tr>\n<td><strong>Batteriebeschreibung<\/strong><\/td>\n<td>Lithium-Ionen<\/td>\n<\/tr>\n<tr>\n<td><strong>Capacity<\/strong><\/td>\n<td>4 Liter<\/td>\n<\/tr>\n<tr>\n<td><strong>Anzahl der Lithium-Ionen-Zellen<\/strong><\/td>\n<td>1<\/td>\n<\/tr>\n<tr>\n<td><strong>Erforderliche Montage<\/strong><\/td>\n<td>Nein<\/td>\n<\/tr>\n<tr>\n<td><strong>Farbe<\/strong><\/td>\n<td>Schwarz<\/td>\n<\/tr>\n<tr>\n<td><strong>Artikel Abmessungen L x B x H<\/strong><\/td>\n<td>48L x 41B x 23H cm<\/td>\n<\/tr>\n<tr>\n<td><strong>Battery Weight<\/strong><\/td>\n<td>200 Gramm<\/td>\n<\/tr>\n<tr>\n<td><strong>Marke<\/strong><\/td>\n<td>BOTLUXE<\/td>\n<\/tr>\n<tr>\n<td><strong>Modellname<\/strong><\/td>\n<td>PC20-Schwarz<\/td>\n<\/tr>\n<tr>\n<td><strong>Artikelnummer<\/strong><\/td>\n<td>YYY-PC20<\/td>\n<\/tr>\n<tr>\n<td><strong>Modellnummer<\/strong><\/td>\n<td>YYY-PC20<\/td>\n<\/tr>\n<tr>\n<td><strong>Herkunftsland<\/strong><\/td>\n<td>China<\/td>\n<\/tr>\n<tr>\n<td><strong>Hersteller<\/strong><\/td>\n<td>BOTLUXE<\/td>\n<\/tr>\n<tr>\n<td><strong>Amazon Bestseller-Rang<\/strong><\/td>\n<td><\/td>\n<\/tr>\n<tr>\n<td><strong>ASIN<\/strong><\/td>\n<td>B0GLYKBFJF<\/td>\n<\/tr>\n<tr>\n<td><strong>Durchschnittliche Kundenbewertung<\/strong><\/td>\n<td><\/td>\n<\/tr>\n<\/tbody>\n<\/table>\n<\/ul>","protected":false},"excerpt":{"rendered":"<p>Product Overview Marke: BOTLUXE Modellname: PC20-Schwarz Farbe: Schwarz Produktabmessungen: 48L x 41B x 23H cm Stromquelle: Batteriebetrieben Product Features \u3010Hervorragende<\/p>","protected":false},"featured_media":31836,"comment_status":"open","ping_status":"closed","template":"","meta":[],"product_brand":[],"product_cat":[153],"product_tag":[],"class_list":{"0":"post-31736","1":"product","2":"type-product","3":"status-publish","4":"has-post-thumbnail","6":"product_cat-poolroboter","8":"first","9":"instock","10":"sale","11":"shipping-taxable","12":"purchasable","13":"product-type-variable"},"jetpack_sharing_enabled":true,"_links":{"self":[{"href":"https:\/\/huggleup.shop\/en\/wp-json\/wp\/v2\/product\/31736","targetHints":{"allow":["GET"]}}],"collection":[{"href":"https:\/\/huggleup.shop\/en\/wp-json\/wp\/v2\/product"}],"about":[{"href":"https:\/\/huggleup.shop\/en\/wp-json\/wp\/v2\/types\/product"}],"replies":[{"embeddable":true,"href":"https:\/\/huggleup.shop\/en\/wp-json\/wp\/v2\/comments?post=31736"}],"version-history":[{"count":0,"href":"https:\/\/huggleup.shop\/en\/wp-json\/wp\/v2\/product\/31736\/revisions"}],"wp:featuredmedia":[{"embeddable":true,"href":"https:\/\/huggleup.shop\/en\/wp-json\/wp\/v2\/media\/31836"}],"wp:attachment":[{"href":"https:\/\/huggleup.shop\/en\/wp-json\/wp\/v2\/media?parent=31736"}],"wp:term":[{"taxonomy":"product_brand","embeddable":true,"href":"https:\/\/huggleup.shop\/en\/wp-json\/wp\/v2\/product_brand?post=31736"},{"taxonomy":"product_cat","embeddable":true,"href":"https:\/\/huggleup.shop\/en\/wp-json\/wp\/v2\/product_cat?post=31736"},{"taxonomy":"product_tag","embeddable":true,"href":"https:\/\/huggleup.shop\/en\/wp-json\/wp\/v2\/product_tag?post=31736"}],"curies":[{"name":"wp","href":"https:\/\/api.w.org\/{rel}","templated":true}]}}