{"id":31734,"date":"2026-05-10T15:46:54","date_gmt":"2026-05-10T15:46:54","guid":{"rendered":"https:\/\/huggleup.shop\/product\/2026-upgrade-poolroboter-boden-und-wand-wasserlinie-poolsauger-akku-kabelloser-intelligenter-navigation-18927lph-leistungsstarker-poolreiniger-fur-pools-bis-zu-170-pc10\/"},"modified":"2026-05-10T15:46:55","modified_gmt":"2026-05-10T15:46:55","slug":"2026-upgrade-poolroboter-boden-und-wand-wasserlinie-poolsauger-akku-kabelloser-intelligenter-navigation-18927lph-leistungsstarker-poolreiniger-fur-pools-bis-zu-170-pc10","status":"publish","type":"product","link":"https:\/\/huggleup.shop\/en\/product\/2026-upgrade-poolroboter-boden-und-wand-wasserlinie-poolsauger-akku-kabelloser-intelligenter-navigation-18927lph-leistungsstarker-poolreiniger-fur-pools-bis-zu-170-pc10\/","title":{"rendered":"PC10 Poolroboter Akku Kabellos Boden Wand Wasserlinie 18927 LPH Navigation 170m\u00b2 2026"},"content":{"rendered":"<p><strong>Product Overview<\/strong><\/p>\n<ul>\n<li>\n<strong>Marke:<\/strong> BOTLUXE<\/li>\n<li>\n<strong>Modellname:<\/strong> PC10-Schwarz<\/li>\n<li>\n<strong>Farbe:<\/strong> Schwarz<\/li>\n<li>\n<strong>Stromquelle:<\/strong> Batteriebetrieben<\/li>\n<li>\n<strong>Montage erforderlich:<\/strong> Nein<\/li>\n<\/ul>\n<p><strong>Product Features<\/strong><\/p>\n<ul>\n<li>\u3010Hervorragende Reinigungsleistung\u3011Der PC10 Poolroboter ist komplett kabellos und mit drei hochwertigen b\u00fcrstenlosen Motoren ausgestattet, die eine starke Saugleistung von bis zu 18.927 LPH bieten und dabei energieeffizienter als herk\u00f6mmliche Modelle sind. Er entfernt effizient Sand, Bl\u00e4tter und hartn\u00e4ckigen Schmutz im Pool, um eine klare und transparente Wasserqualit\u00e4t zu gew\u00e4hrleisten.<\/li>\n<li>\u3010Poolreinigung Modi\u3011 Dieser kabellose Poolroboter bietet AUTO Modus, FLOOR Modus und WALL Modus, um effektiv den Poolboden, die W\u00e4nde und die Wasserlinie zu reinigen. Im AUTO Modus wird die Reinigungszeit intelligent aufgeteilt: Bei einem Akkustand \u00fcber 50% werden zun\u00e4chst die W\u00e4nde und die Wasserlinie gereinigt, dann schrittweise vertieft; bei einem Akkustand unter 50% wird der Poolboden gr\u00fcndlich gereinigt.<\/li>\n<li>\u3010Intelligentes Navigationssystem\u3011Dank der fortschrittlichsten Technologie von BOTLUXE reinigt dieser akkubetriebene Poolroboter pr\u00e4zise entlang spezifischer Routen (N-f\u00f6rmige Bahnen an den W\u00e4nden, S-f\u00f6rmige Bahnen am Boden). Dank seiner dynamischen Rollb\u00fcrste und dem einzigartigen Spurdesign gew\u00e4hrleistet er eine gr\u00fcndliche Reinigung und verbesserte Mobilit\u00e4t, wodurch m\u00fchelos verschiedene Oberfl\u00e4chen wie Fliesen, Vinyl, Stein, Glas und Mosaik bearbeitet werden k\u00f6nnen.<\/li>\n<li>\u3010Lange Laufzeit\u3011Der BOTLUXE Poolroboter verf\u00fcgt \u00fcber einen leistungsstarken 5.200-mAh-Lithium-Ionen-Akku, der einen effizienten und energiearmen Betrieb erm\u00f6glicht und bis zu 120 Minuten Reinigungszeit bieten kann. Dank der Schnellladetechnologie des Ladeger\u00e4ts kann er in nur 2,5 Stunden vollst\u00e4ndig aufgeladen werden. Nach Abschluss der Reinigung oder bei niedrigem Batteriestand kehrt er automatisch an den Poolrand zur\u00fcck, wo Sie ihn mit dem beiliegenden Hakenwerkzeug m\u00fchelos entnehmen k\u00f6nnen.<\/li>\n<li>\u30104L Filterkorb &#038; 150\u00b5m Filtersieb\u3011Der PC10 Poolroboter verf\u00fcgt \u00fcber einen 4-Liter-Filterkorb, der Schmutzpartikel von bis zu 150 Mikrometern abf\u00e4ngt, wodurch eine effiziente Reinigung gew\u00e4hrleistet und die Entleerungsh\u00e4ufigkeit reduziert wird. Nachdem die Aufgabe erledigt ist, m\u00fcssen Sie einfach den Deckel abnehmen und den Filter mit einem Wasser schlauch sp\u00fclen. Er eignet sich f\u00fcr alle Arten von Aufstell- und Einbaupools mit bis zu 170 m\u00b2 Reinigungsfl\u00e4che und 3 m Wassertiefe.<\/li>\n<li>\u3010Verpackung und Garantie\u3011Die Lieferung umfasst den BOTLUXE PC10 Roboter-Poolreiniger (Mit eingebautem Filter), Netzadapter, Haken und Wartungskit. BOTLUXE bietet einen 2-Jahre-Garantiedienst. Wenn Sie Fragen haben, stehen wir Ihnen jederzeit zur Verf\u00fcgung.<\/li>\n<\/ul>\n<p><strong>Product Information<\/strong><\/p>\n<ul>\n<table style=\"margin-bottom:20px\">\n<tbody>\n<tr>\n<td><strong>Betriebsart<\/strong><\/td>\n<td>Batteriebetrieben<\/td>\n<\/tr>\n<tr>\n<td><strong>Kapazit\u00e4t Lithium-Akku<\/strong><\/td>\n<td>5200 Milliamperestunden (mAh)<\/td>\n<\/tr>\n<tr>\n<td><strong>Anzahl der Batterien<\/strong><\/td>\n<td>1 Lithium-Ionen Batterien erforderlich (enthalten).<\/td>\n<\/tr>\n<tr>\n<td><strong>Capacity<\/strong><\/td>\n<td>4 Liter<\/td>\n<\/tr>\n<tr>\n<td><strong>Anzahl der Lithium-Ionen-Zellen<\/strong><\/td>\n<td>14<\/td>\n<\/tr>\n<tr>\n<td><strong>Erforderliche Montage<\/strong><\/td>\n<td>Nein<\/td>\n<\/tr>\n<tr>\n<td><strong>Farbe<\/strong><\/td>\n<td>Schwarz<\/td>\n<\/tr>\n<tr>\n<td><strong>Battery Weight<\/strong><\/td>\n<td>200 Gramm<\/td>\n<\/tr>\n<tr>\n<td><strong>Marke<\/strong><\/td>\n<td>BOTLUXE<\/td>\n<\/tr>\n<tr>\n<td><strong>Modellname<\/strong><\/td>\n<td>PC10-Schwarz<\/td>\n<\/tr>\n<tr>\n<td><strong>Modelljahr<\/strong><\/td>\n<td>2026<\/td>\n<\/tr>\n<tr>\n<td><strong>Artikelnummer<\/strong><\/td>\n<td>YYY-PC10<\/td>\n<\/tr>\n<tr>\n<td><strong>Modellnummer<\/strong><\/td>\n<td>YYY-PC10<\/td>\n<\/tr>\n<tr>\n<td><strong>Herkunftsland<\/strong><\/td>\n<td>China<\/td>\n<\/tr>\n<tr>\n<td><strong>Hersteller<\/strong><\/td>\n<td>BOTLUXE<\/td>\n<\/tr>\n<tr>\n<td><strong>Amazon Bestseller-Rang<\/strong><\/td>\n<td><\/td>\n<\/tr>\n<tr>\n<td><strong>ASIN<\/strong><\/td>\n<td>B0GLYMXV8H<\/td>\n<\/tr>\n<tr>\n<td><strong>Durchschnittliche Kundenbewertung<\/strong><\/td>\n<td><\/td>\n<\/tr>\n<\/tbody>\n<\/table>\n<\/ul>","protected":false},"excerpt":{"rendered":"<p>Product Overview Marke: BOTLUXE Modellname: PC10-Schwarz Farbe: Schwarz Stromquelle: Batteriebetrieben Montage erforderlich: Nein Product Features \u3010Hervorragende Reinigungsleistung\u3011Der PC10 Poolroboter ist<\/p>","protected":false},"featured_media":31827,"comment_status":"open","ping_status":"closed","template":"","meta":[],"product_brand":[],"product_cat":[153],"product_tag":[],"class_list":{"0":"post-31734","1":"product","2":"type-product","3":"status-publish","4":"has-post-thumbnail","6":"product_cat-poolroboter","8":"first","9":"instock","10":"sale","11":"shipping-taxable","12":"purchasable","13":"product-type-variable"},"jetpack_sharing_enabled":true,"_links":{"self":[{"href":"https:\/\/huggleup.shop\/en\/wp-json\/wp\/v2\/product\/31734","targetHints":{"allow":["GET"]}}],"collection":[{"href":"https:\/\/huggleup.shop\/en\/wp-json\/wp\/v2\/product"}],"about":[{"href":"https:\/\/huggleup.shop\/en\/wp-json\/wp\/v2\/types\/product"}],"replies":[{"embeddable":true,"href":"https:\/\/huggleup.shop\/en\/wp-json\/wp\/v2\/comments?post=31734"}],"version-history":[{"count":0,"href":"https:\/\/huggleup.shop\/en\/wp-json\/wp\/v2\/product\/31734\/revisions"}],"wp:featuredmedia":[{"embeddable":true,"href":"https:\/\/huggleup.shop\/en\/wp-json\/wp\/v2\/media\/31827"}],"wp:attachment":[{"href":"https:\/\/huggleup.shop\/en\/wp-json\/wp\/v2\/media?parent=31734"}],"wp:term":[{"taxonomy":"product_brand","embeddable":true,"href":"https:\/\/huggleup.shop\/en\/wp-json\/wp\/v2\/product_brand?post=31734"},{"taxonomy":"product_cat","embeddable":true,"href":"https:\/\/huggleup.shop\/en\/wp-json\/wp\/v2\/product_cat?post=31734"},{"taxonomy":"product_tag","embeddable":true,"href":"https:\/\/huggleup.shop\/en\/wp-json\/wp\/v2\/product_tag?post=31734"}],"curies":[{"name":"wp","href":"https:\/\/api.w.org\/{rel}","templated":true}]}}