{"id":31732,"date":"2026-05-10T15:46:54","date_gmt":"2026-05-10T15:46:54","guid":{"rendered":"https:\/\/huggleup.shop\/product\/gre-hpm20-mini-warmepumpe-fur-aufstellpools-bis-zu-20-m-heizsystem-fur-aufstellpools-farbe-grau\/"},"modified":"2026-05-10T15:46:54","modified_gmt":"2026-05-10T15:46:54","slug":"gre-hpm20-mini-warmepumpe-fur-aufstellpools-bis-zu-20-m-heizsystem-fur-aufstellpools-farbe-grau","status":"publish","type":"product","link":"https:\/\/huggleup.shop\/en\/product\/gre-hpm20-mini-warmepumpe-fur-aufstellpools-bis-zu-20-m-heizsystem-fur-aufstellpools-farbe-grau\/","title":{"rendered":"Gre HPM20 \u2013 Mini-W\u00e4rmepumpe f\u00fcr Aufstellpools bis zu 20 m\u00b3, Heizsystem f\u00fcr Aufstellpools, Farbe Grau"},"content":{"rendered":"<p><strong>Product Features<\/strong><\/p>\n<ul>\n<li>Mini-W\u00e4rmepumpe f\u00fcr kleine Wassermassen bis maximal 20 m\u00b3; geeignet f\u00fcr freistehende Pools aus Holz oder Stahl; schauen Sie im Katalog nach und w\u00e4hlen Sie die f\u00fcr Ihr Becken am besten geeignete W\u00e4rmepumpe.<\/li>\n<li>Poolheizung, die die Wassertemperatur auf bis zu 28 \u00b0C erh\u00f6ht, damit Ihr Pool immer perfekt zum Schwimmen geeignet ist. Sie sollte nachts in Kombination mit einer Sommerabdeckung verwendet werden, um die W\u00e4rme zu erhalten und die gew\u00fcnschte Temperatur zu erreichen. Mit Anschl\u00fcssen von 32 und 38 mm hat sie einen Mindestdurchfluss von 2 m\u00b3\/h. Betriebstemperatur zwischen +12 \u00b0C und +42 \u00b0C.<\/li>\n<li>Pumpe mit einfacher Installation, ben\u00f6tigt keinen By-Pass f\u00fcr den Betrieb. Die Schl\u00e4uche m\u00fcssen nur an die mitgelieferten Anschl\u00fcsse der W\u00e4rmepumpe angeschlossen werden. Au\u00dferdem kann ihr Betrieb programmiert werden, um die Wassertemperatur im Pool bei Bedarf zu gew\u00e4hrleisten.<\/li>\n<li>Umweltfreundliches Produkt, dank der Verwendung von R32-Gas, das keinen Einfluss auf die Ozonschicht hat. Durch seiner Energieeffizienz verbraucht es kW und gibt mehr zur\u00fcck, als es verbraucht, wodurch es Energie spart.<\/li>\n<li>Gre ist eine anerkannte und f\u00fchrende Marke f\u00fcr Poolzubeh\u00f6r und bietet alle Arten von Produkten f\u00fcr die Pflege und Wartung von Schwimmb\u00e4dern aller Arten und Gr\u00f6\u00dfen an. Mit einer breiten Palette von Zubeh\u00f6r, Behandlungen und Poolbedarf fokussieren wir uns darauf, alles zu haben, was Sie brauchen, um Ihren perfekten Pool zu gestalten.<\/li>\n<\/ul>\n<p><strong>Product Information<\/strong><\/p>\n<ul>\n<table style=\"margin-bottom:20px\">\n<tbody>\n<tr>\n<td><strong>Produktabmessungen<\/strong><\/td>\n<td>\u200e35,6 x 31 x 37,5 cm; 19 Kilogramm<\/td>\n<\/tr>\n<tr>\n<td><strong>Teilenummer<\/strong><\/td>\n<td>\u200eHPM20<\/td>\n<\/tr>\n<tr>\n<td><strong>Antriebsart<\/strong><\/td>\n<td>\u200e230 Volt<\/td>\n<\/tr>\n<tr>\n<td><strong>Hersteller<\/strong><\/td>\n<td>\u200eGre<\/td>\n<\/tr>\n<tr>\n<td><strong>Modellnummer<\/strong><\/td>\n<td>\u200eHPM20<\/td>\n<\/tr>\n<tr>\n<td><strong>ASIN<\/strong><\/td>\n<td>\u200eB07L491GK5<\/td>\n<\/tr>\n<tr>\n<td><strong>Im Angebot von Amazon.de seit<\/strong><\/td>\n<td>23. Februar 2019<\/td>\n<\/tr>\n<tr>\n<td><strong>Durchschnittliche Kundenbewertung<\/strong><\/td>\n<td><\/td>\n<\/tr>\n<tr>\n<td><strong>Amazon Bestseller-Rang<\/strong><\/td>\n<td><\/td>\n<\/tr>\n<\/tbody>\n<\/table>\n<\/ul>","protected":false},"excerpt":{"rendered":"<p>Product Features Mini-W\u00e4rmepumpe f\u00fcr kleine Wassermassen bis maximal 20 m\u00b3; geeignet f\u00fcr freistehende Pools aus Holz oder Stahl; schauen Sie<\/p>","protected":false},"featured_media":31817,"comment_status":"open","ping_status":"closed","template":"","meta":[],"product_brand":[],"product_cat":[153],"product_tag":[],"class_list":{"0":"post-31732","1":"product","2":"type-product","3":"status-publish","4":"has-post-thumbnail","6":"product_cat-poolroboter","8":"first","9":"instock","10":"sale","11":"shipping-taxable","12":"purchasable","13":"product-type-simple"},"jetpack_sharing_enabled":true,"_links":{"self":[{"href":"https:\/\/huggleup.shop\/en\/wp-json\/wp\/v2\/product\/31732","targetHints":{"allow":["GET"]}}],"collection":[{"href":"https:\/\/huggleup.shop\/en\/wp-json\/wp\/v2\/product"}],"about":[{"href":"https:\/\/huggleup.shop\/en\/wp-json\/wp\/v2\/types\/product"}],"replies":[{"embeddable":true,"href":"https:\/\/huggleup.shop\/en\/wp-json\/wp\/v2\/comments?post=31732"}],"version-history":[{"count":0,"href":"https:\/\/huggleup.shop\/en\/wp-json\/wp\/v2\/product\/31732\/revisions"}],"wp:featuredmedia":[{"embeddable":true,"href":"https:\/\/huggleup.shop\/en\/wp-json\/wp\/v2\/media\/31817"}],"wp:attachment":[{"href":"https:\/\/huggleup.shop\/en\/wp-json\/wp\/v2\/media?parent=31732"}],"wp:term":[{"taxonomy":"product_brand","embeddable":true,"href":"https:\/\/huggleup.shop\/en\/wp-json\/wp\/v2\/product_brand?post=31732"},{"taxonomy":"product_cat","embeddable":true,"href":"https:\/\/huggleup.shop\/en\/wp-json\/wp\/v2\/product_cat?post=31732"},{"taxonomy":"product_tag","embeddable":true,"href":"https:\/\/huggleup.shop\/en\/wp-json\/wp\/v2\/product_tag?post=31732"}],"curies":[{"name":"wp","href":"https:\/\/api.w.org\/{rel}","templated":true}]}}