{"id":31725,"date":"2026-05-10T15:46:53","date_gmt":"2026-05-10T15:46:53","guid":{"rendered":"https:\/\/huggleup.shop\/product\/gosvor-2026-neu-poolroboter-wand-und-boden-wasserlinie-flachzone-4-in-1-bis-zu-200-min-laufzeit-leichtgewicht-6-9-kg-3%ce%bcm-ultrafeiner-filter-poolsuager-akku-fur-pools-bis-zu-200-m-orange\/"},"modified":"2026-05-10T15:46:55","modified_gmt":"2026-05-10T15:46:55","slug":"gosvor-2026-neu-poolroboter-wand-und-boden-wasserlinie-flachzone-4-in-1-bis-zu-200-min-laufzeit-leichtgewicht-6-9-kg-3%ce%bcm-ultrafeiner-filter-poolsuager-akku-fur-pools-bis-zu-200-m-orange","status":"publish","type":"product","link":"https:\/\/huggleup.shop\/en\/product\/gosvor-2026-neu-poolroboter-wand-und-boden-wasserlinie-flachzone-4-in-1-bis-zu-200-min-laufzeit-leichtgewicht-6-9-kg-3%ce%bcm-ultrafeiner-filter-poolsuager-akku-fur-pools-bis-zu-200-m-orange\/","title":{"rendered":"Gosvor Poolroboter 4-in-1 Boden Wand Wasserlinie 200 Min 6,9 kg 3\u03bcm Filter 200m\u00b2 Akku Orange 2026"},"content":{"rendered":"<p><strong>Product Overview<\/strong><\/p>\n<ul>\n<li>\n<strong>Marke:<\/strong> Gosvor<\/li>\n<li>\n<strong>Modellname:<\/strong> LiteVac G1-GS<\/li>\n<li>\n<strong>Material:<\/strong> IPX8 Wasserdicht &#038; Hochwertige Materialien<\/li>\n<li>\n<strong>Farbe:<\/strong> Orange<\/li>\n<li>\n<strong>Produktabmessungen:<\/strong> 44,3L x 36B x 21H cm<\/li>\n<\/ul>\n<p><strong>Product Features<\/strong><\/p>\n<ul>\n<li>Automatische Reinigung wie vom Profi: Mit einer starken Saugleistung von 15.000 LPH und bis zu 200 Minuten Laufzeit reinigt der LiteVac G1 Poolsauger Pools bis zu 200 m\u00b2. Das doppelte Filtersystem f\u00e4ngt selbst feinste Partikel ab 3 \u03bcm zuverl\u00e4ssig auf, egal ob Bl\u00e4tter, Haare, Sand oder Staub. F\u00fcr glasklares Wasser und eine rundum saubere Reinigung auf Profi-Niveau<\/li>\n<li>4-in-1 Rundumreinigung: Boden, W\u00e4nde, Wasserlinie und sogar Flachzonen (Wassertiefe>30cm), der LiteVac G1 Poolroboter Akku macht alles sauber. Die breiten 260 mm Doppelb\u00fcrsten und der Raupenantrieb sorgen daf\u00fcr, dass er \u00fcberall hochkommt und nichts liegen bleibt. Kein manuelles Nachschrubben mehr, kein Extra-Zubeh\u00f6r. Einfach reinigen lassen und Zeit sparen<\/li>\n<li>Ultraleicht &#038; M\u00fchelos: Der LiteVac G1 Poolreiniger wiegt nur 6,9 kg und verf\u00fcgt \u00fcber eine schnelle Wasserablauffunktion, das jeder m\u00fchelos tragen und bedienen kann. Der gro\u00dfz\u00fcgige 3,6 L Filterkorb erm\u00f6glicht eine besonders einfache Wartung. Und die farbigen LED-Anzeigen zeigen auf einen Blick den aktuellen Betriebszustand an. So einfach war professionelle Poolreinigung noch nie<\/li>\n<li>Intelligente Pfadplanung &#038; Adaptive Navigation: Der Kreuz-Reinigungspfad sorgt f\u00fcr 99 % mehr Fl\u00e4chenabdeckung auf flachen B\u00f6den. Der adaptive Reinigungspfad (Einstellbar in der App) meistert auch komplexe Poolformen wie Rund- oder Diamantpools und verhindert zuverl\u00e4ssig ein Feststecken. Dank optimierter Routen wird der gesamte Pool zuverl\u00e4ssig erfasst<\/li>\n<li>Smart App-Steuerung &#038; 5 Modi: Einstellbare Modi, Pfade und Stufen- &#038; Plattformzugang per Gosvor App. Inklusive OTA-Updates f\u00fcr kontinuierliche Verbesserungen. Die App funktioniert nur an Land, und speichert oder \u00fcbertr\u00e4gt keine pers\u00f6nliche Daten. Zur Auswahl stehen f\u00fcnf vielseitige Reinigungsmodi: Smart, Wand, Boden, ECO und Periodische Reinigung. Passend f\u00fcr jede Anforderung Ihres Pools. Akkulaufzeit: 200 Min. (ECO), 150 Min. (Smart\/Boden\/Wand)<\/li>\n<li>Langlebig &#038; Sorgenfrei: Hochwertige Materialien f\u00fcr dauerhaft zuverl\u00e4ssige Leistung. Der LiteVac G1 Poolroboter Akku Wand und Boden ist ideal f\u00fcr die meisten Pooloberfl\u00e4chen: Beton, Fiberglas, Vinyl, Pebble und Fliesen. Auch f\u00fcr Salzwasserpools geeignet (NaCl-Salinit\u00e4t < 5000 ppm). 2 Jahre Garantie f\u00fcr Ihre Sicherheit und volle Zufriedenheit<\/li>\n<\/ul>\n<p><strong>Product Information<\/strong><\/p>\n<ul>\n<table style=\"margin-bottom:20px\">\n<tbody>\n<tr>\n<td><strong>Betriebsart<\/strong><\/td>\n<td>Batteriebetrieben<\/td>\n<\/tr>\n<tr>\n<td><strong>Besondere Merkmale<\/strong><\/td>\n<td>5 Modi: Smart, Wand, Boden, ECO, Periodisch, Bis zu 200 Min. Laufzeit &#038; 200 m\u00b2 Abedeckung, Doppelfiltration mit 3-\u00b5m-Ultrafeinfilter, Nur 6,9 KG Ultraleichtes Design, Smart App-Steuerung &#038; OTA-Updates<\/td>\n<\/tr>\n<tr>\n<td><strong>Steuerungsart<\/strong><\/td>\n<td>App, Drucktaste<\/td>\n<\/tr>\n<tr>\n<td><strong>Kapazit\u00e4t Lithium-Akku<\/strong><\/td>\n<td>112,32 Wattstunden<\/td>\n<\/tr>\n<tr>\n<td><strong>Anzahl der Batterien<\/strong><\/td>\n<td>1 Nicht normgerechte(r) Batterie\/Akku Batterien erforderlich (enthalten).<\/td>\n<\/tr>\n<tr>\n<td><strong>Ladedauer<\/strong><\/td>\n<td>3 Stunden<\/td>\n<\/tr>\n<tr>\n<td><strong>Capacity<\/strong><\/td>\n<td>3,6 Liter<\/td>\n<\/tr>\n<tr>\n<td><strong>Anzahl der Lithium-Ionen-Zellen<\/strong><\/td>\n<td>12<\/td>\n<\/tr>\n<tr>\n<td><strong>Erforderliche Montage<\/strong><\/td>\n<td>Nein<\/td>\n<\/tr>\n<tr>\n<td><strong>Art der Garantie<\/strong><\/td>\n<td>2 Jahre Garantie &#038; Langfristiger Support<\/td>\n<\/tr>\n<tr>\n<td><strong>Material<\/strong><\/td>\n<td>IPX8 Wasserdicht &#038; Hochwertige Materialien<\/td>\n<\/tr>\n<tr>\n<td><strong>Produktpflegehinweise<\/strong><\/td>\n<td>Nach 30 Reinigungen den Ultrafeinfilter wechseln., Nach jedem Gebrauch vor dem Aufladen trocknen.<\/td>\n<\/tr>\n<tr>\n<td><strong>Farbe<\/strong><\/td>\n<td>Orange<\/td>\n<\/tr>\n<tr>\n<td><strong>Artikel Abmessungen L x B x H<\/strong><\/td>\n<td>44,3L x 36B x 21H cm<\/td>\n<\/tr>\n<tr>\n<td><strong>Artikelgewicht<\/strong><\/td>\n<td>6,9 Kilogramm<\/td>\n<\/tr>\n<tr>\n<td><strong>Battery Weight<\/strong><\/td>\n<td>769 Gramm<\/td>\n<\/tr>\n<tr>\n<td><strong>Marke<\/strong><\/td>\n<td>Gosvor<\/td>\n<\/tr>\n<tr>\n<td><strong>Modellname<\/strong><\/td>\n<td>LiteVac G1-GS<\/td>\n<\/tr>\n<tr>\n<td><strong>Garantie<\/strong><\/td>\n<td>2 Jahre Garantie &#038; Langfristiger Support<\/td>\n<\/tr>\n<tr>\n<td><strong>Artikelnummer<\/strong><\/td>\n<td>LiteVac G1-GS<\/td>\n<\/tr>\n<tr>\n<td><strong>Modellnummer<\/strong><\/td>\n<td>PRE1-G<\/td>\n<\/tr>\n<tr>\n<td><strong>Anzahl von Einheiten<\/strong><\/td>\n<td>1.0 st\u00fcck<\/td>\n<\/tr>\n<tr>\n<td><strong>Herkunftsland<\/strong><\/td>\n<td>China<\/td>\n<\/tr>\n<tr>\n<td><strong>Artikeltypbezeichnung<\/strong><\/td>\n<td>Automatische Poolreiniger<\/td>\n<\/tr>\n<tr>\n<td><strong>Hersteller<\/strong><\/td>\n<td>Gosvor<\/td>\n<\/tr>\n<tr>\n<td><strong>Amazon Bestseller-Rang<\/strong><\/td>\n<td><\/td>\n<\/tr>\n<tr>\n<td><strong>ASIN<\/strong><\/td>\n<td>B0GFWJWXWZ<\/td>\n<\/tr>\n<tr>\n<td><strong>Durchschnittliche Kundenbewertung<\/strong><\/td>\n<td><\/td>\n<\/tr>\n<\/tbody>\n<\/table>\n<\/ul>","protected":false},"excerpt":{"rendered":"<p>Product Overview Marke: Gosvor Modellname: LiteVac G1-GS Material: IPX8 Wasserdicht &#038; Hochwertige Materialien Farbe: Orange Produktabmessungen: 44,3L x 36B x<\/p>","protected":false},"featured_media":31801,"comment_status":"open","ping_status":"closed","template":"","meta":[],"product_brand":[],"product_cat":[153],"product_tag":[],"class_list":{"0":"post-31725","1":"product","2":"type-product","3":"status-publish","4":"has-post-thumbnail","6":"product_cat-poolroboter","8":"first","9":"instock","10":"sale","11":"shipping-taxable","12":"purchasable","13":"product-type-variable"},"jetpack_sharing_enabled":true,"_links":{"self":[{"href":"https:\/\/huggleup.shop\/en\/wp-json\/wp\/v2\/product\/31725","targetHints":{"allow":["GET"]}}],"collection":[{"href":"https:\/\/huggleup.shop\/en\/wp-json\/wp\/v2\/product"}],"about":[{"href":"https:\/\/huggleup.shop\/en\/wp-json\/wp\/v2\/types\/product"}],"replies":[{"embeddable":true,"href":"https:\/\/huggleup.shop\/en\/wp-json\/wp\/v2\/comments?post=31725"}],"version-history":[{"count":0,"href":"https:\/\/huggleup.shop\/en\/wp-json\/wp\/v2\/product\/31725\/revisions"}],"wp:featuredmedia":[{"embeddable":true,"href":"https:\/\/huggleup.shop\/en\/wp-json\/wp\/v2\/media\/31801"}],"wp:attachment":[{"href":"https:\/\/huggleup.shop\/en\/wp-json\/wp\/v2\/media?parent=31725"}],"wp:term":[{"taxonomy":"product_brand","embeddable":true,"href":"https:\/\/huggleup.shop\/en\/wp-json\/wp\/v2\/product_brand?post=31725"},{"taxonomy":"product_cat","embeddable":true,"href":"https:\/\/huggleup.shop\/en\/wp-json\/wp\/v2\/product_cat?post=31725"},{"taxonomy":"product_tag","embeddable":true,"href":"https:\/\/huggleup.shop\/en\/wp-json\/wp\/v2\/product_tag?post=31725"}],"curies":[{"name":"wp","href":"https:\/\/api.w.org\/{rel}","templated":true}]}}