{"id":31718,"date":"2026-05-10T15:46:51","date_gmt":"2026-05-10T15:46:51","guid":{"rendered":"https:\/\/huggleup.shop\/product\/2026-neu-botlife-pc10-poolroboter-poolsauger-akku-kabelloser-poolroboter-boden-und-wand-wasserlinie-18927-lph-intelligenten-navigation-wandklettern-poolreiniger-fur-pools-bis-170\/"},"modified":"2026-05-10T15:46:52","modified_gmt":"2026-05-10T15:46:52","slug":"2026-neu-botlife-pc10-poolroboter-poolsauger-akku-kabelloser-poolroboter-boden-und-wand-wasserlinie-18927-lph-intelligenten-navigation-wandklettern-poolreiniger-fur-pools-bis-170","status":"publish","type":"product","link":"https:\/\/huggleup.shop\/en\/product\/2026-neu-botlife-pc10-poolroboter-poolsauger-akku-kabelloser-poolroboter-boden-und-wand-wasserlinie-18927-lph-intelligenten-navigation-wandklettern-poolreiniger-fur-pools-bis-170\/","title":{"rendered":"Botlife PC10 Poolroboter Akku Kabellos Boden Wand 18927 LPH Navigation 170m\u00b2 2026"},"content":{"rendered":"<p><strong>Product Features<\/strong><\/p>\n<ul>\n<li>[ 18927 LPH Starke Saugleistung &#038; 4L Filterkorb ] Zwei Antriebsmotoren und ein hocheffizienter Pumpenmotor liefern eine starke Saugleistung von bis zu 18927 LPH. In Kombination mit zwei aktiven rotierenden B\u00fcrsten und einem 4L gro\u00dfen Filterkorb mit 150 \u03bcm Feinstgewebe entfernt er gr\u00fcndlich Sand, Bl\u00e4tter und feine Verunreinigungen vom Beckenboden, den W\u00e4nden und der Wasserlinie. Der \u00fcbergro\u00dfe Filterkorb reduziert die Entleerungsfrequenz erheblich \u2013 mehr Badevergn\u00fcgen, weniger Wartung.<\/li>\n<li>[ Intelligente Navigation, 3 Reinigungsmodi ] Das intelligente Navigationssystem plant automatisch optimierte N- und S-f\u00f6rmige Reinigungsbahnen und gew\u00e4hrleistet eine vollst\u00e4ndige Poolabdeckung ohne verpasste Stellen. Drei w\u00e4hlbare Modi (Auto \/ Nur Boden \/ Nur Wand) passen sich flexibel an verschiedene Reinigungsanforderungen an \u2013 f\u00fcr eine effiziente und zuverl\u00e4ssige Poolpflege.<\/li>\n<li>[ M\u00fchelose Hindernis\u00fcberwindung ] Ausgestattet mit robusten Ketten, erklimmt dieser Poolroboter zuverl\u00e4ssig Steigungen von bis zu 30\u00b0 und \u00fcberwindet 3 cm hohe Abflussdeckel, Stufen und Ecken ohne Unterbrechung. Kompatibel mit allen Poolformen und Oberfl\u00e4chen (Beton, Fliesen, Vinyl, Glasfaser). Leistungsstabil bei 5\u00b0C\u201335\u00b0C.<\/li>\n<li>[ IP68 Wasserdicht &#038; Selbstparkend ] Vollst\u00e4ndig wasserdicht nach IP68, arbeitet dieser Reiniger sicher in Pools bis zu 3 Metern Tiefe. Die intelligente Selbstparkfunktion bringt das Ger\u00e4t bei Abschluss des Reinigungszyklus oder niedrigem Akkustand automatisch zum Beckenrand zur\u00fcck \u2013 m\u00fchelose Entnahme. Das kabellose, tragbare Design vereinfacht Einsatz und Aufbewahrung.<\/li>\n<li>[ Langlebige Akkulaufzeit und Schnelle Aufladung ] Angetrieben von einem 5200 mAh Akku, bietet er eine Laufzeit von bis zu 2 Stunden pro Vollladung \u2013 ausreichend f\u00fcr Pools bis zu 170 m\u00b2. Die fortschrittliche Schnellladetechnologie erreicht eine vollst\u00e4ndige Aufladung in nur 2,5 Stunden. Mehrere Zyklen pro Tag mit minimalen Ausfallzeiten.<\/li>\n<li>[ Verpackung und Garantie ] Die Lieferung umfasst den BOTLIFE PC10 Poolroboter mit Filterkorb, Wartungswerkzeuge, Stromversorgung und Haken. BOTLIFE bietet einen 2-Jahre-Garantiedienst. Wenn Sie Fragen haben, stehen wir Ihnen jederzeit zur Verf\u00fcgung.<\/li>\n<\/ul>\n<p><strong>Product Information<\/strong><\/p>\n<ul>\n<table style=\"margin-bottom:20px\">\n<tbody>\n<tr>\n<td><strong>Produktabmessungen<\/strong><\/td>\n<td>\u200e48 x 42 x 24 cm<\/td>\n<\/tr>\n<tr>\n<td><strong>Teilenummer<\/strong><\/td>\n<td>\u200ePC10-1<\/td>\n<\/tr>\n<tr>\n<td><strong>Antriebsart<\/strong><\/td>\n<td>\u200eBatteriebetrieben<\/td>\n<\/tr>\n<tr>\n<td><strong>Hersteller<\/strong><\/td>\n<td>\u200eBOTLIFE<\/td>\n<\/tr>\n<tr>\n<td><strong>Modellnummer<\/strong><\/td>\n<td>\u200eYBY-EU-PC10-Schwarz<\/td>\n<\/tr>\n<tr>\n<td><strong>ASIN<\/strong><\/td>\n<td>\u200eB0GQLGG7PN<\/td>\n<\/tr>\n<tr>\n<td><strong>Im Angebot von Amazon.de seit<\/strong><\/td>\n<td>28. Februar 2026<\/td>\n<\/tr>\n<tr>\n<td><strong>Durchschnittliche Kundenbewertung<\/strong><\/td>\n<td><\/td>\n<\/tr>\n<tr>\n<td><strong>Amazon Bestseller-Rang<\/strong><\/td>\n<td><\/td>\n<\/tr>\n<\/tbody>\n<\/table>\n<\/ul>\n","protected":false},"excerpt":{"rendered":"<p>Product Features [ 18927 LPH Starke Saugleistung &#038; 4L Filterkorb ] Zwei Antriebsmotoren und ein hocheffizienter Pumpenmotor liefern eine starke<\/p>\n","protected":false},"featured_media":31781,"comment_status":"open","ping_status":"closed","template":"","meta":[],"product_brand":[],"product_cat":[153],"product_tag":[],"class_list":{"0":"post-31718","1":"product","2":"type-product","3":"status-publish","4":"has-post-thumbnail","6":"product_cat-poolroboter","8":"first","9":"instock","10":"sale","11":"shipping-taxable","12":"purchasable","13":"product-type-variable"},"jetpack_sharing_enabled":true,"_links":{"self":[{"href":"https:\/\/huggleup.shop\/en\/wp-json\/wp\/v2\/product\/31718","targetHints":{"allow":["GET"]}}],"collection":[{"href":"https:\/\/huggleup.shop\/en\/wp-json\/wp\/v2\/product"}],"about":[{"href":"https:\/\/huggleup.shop\/en\/wp-json\/wp\/v2\/types\/product"}],"replies":[{"embeddable":true,"href":"https:\/\/huggleup.shop\/en\/wp-json\/wp\/v2\/comments?post=31718"}],"version-history":[{"count":0,"href":"https:\/\/huggleup.shop\/en\/wp-json\/wp\/v2\/product\/31718\/revisions"}],"wp:featuredmedia":[{"embeddable":true,"href":"https:\/\/huggleup.shop\/en\/wp-json\/wp\/v2\/media\/31781"}],"wp:attachment":[{"href":"https:\/\/huggleup.shop\/en\/wp-json\/wp\/v2\/media?parent=31718"}],"wp:term":[{"taxonomy":"product_brand","embeddable":true,"href":"https:\/\/huggleup.shop\/en\/wp-json\/wp\/v2\/product_brand?post=31718"},{"taxonomy":"product_cat","embeddable":true,"href":"https:\/\/huggleup.shop\/en\/wp-json\/wp\/v2\/product_cat?post=31718"},{"taxonomy":"product_tag","embeddable":true,"href":"https:\/\/huggleup.shop\/en\/wp-json\/wp\/v2\/product_tag?post=31718"}],"curies":[{"name":"wp","href":"https:\/\/api.w.org\/{rel}","templated":true}]}}