{"id":31708,"date":"2026-05-10T15:46:50","date_gmt":"2026-05-10T15:46:50","guid":{"rendered":"https:\/\/huggleup.shop\/product\/aiper-poolroboter-kabellos-poolsauger-akku-bodensauger-mit-90-min-laufzeit-automatisches-parken-dual-antriebsmotoren-led-anzeigen-ideal-fur-flachem-boden-pool-bis-zu-80-m\/"},"modified":"2026-05-10T15:46:52","modified_gmt":"2026-05-10T15:46:52","slug":"aiper-poolroboter-kabellos-poolsauger-akku-bodensauger-mit-90-min-laufzeit-automatisches-parken-dual-antriebsmotoren-led-anzeigen-ideal-fur-flachem-boden-pool-bis-zu-80-m","status":"publish","type":"product","link":"https:\/\/huggleup.shop\/en\/product\/aiper-poolroboter-kabellos-poolsauger-akku-bodensauger-mit-90-min-laufzeit-automatisches-parken-dual-antriebsmotoren-led-anzeigen-ideal-fur-flachem-boden-pool-bis-zu-80-m\/","title":{"rendered":"Aiper Poolroboter Kabellos Akku 90 Min Dual-Antrieb LED-Anzeige Auto-Park Flachboden Pool 80m\u00b2"},"content":{"rendered":"<p><strong>Product Overview<\/strong><\/p>\n<ul>\n<li>\n<strong>Marke:<\/strong> AIPER<\/li>\n<li>\n<strong>Modellname:<\/strong> Seagull SE<\/li>\n<li>\n<strong>Material:<\/strong> Kunststoff<\/li>\n<li>\n<strong>Farbe:<\/strong> Dunkelgrau<\/li>\n<li>\n<strong>Produktabmessungen:<\/strong> 34L x 34B x 18H cm<\/li>\n<\/ul>\n<p><strong>Product Features<\/strong><\/p>\n<ul>\n<li>Kabelloser Poolroboter: Verabschieden Sie sich vom kabelgebundenen Poolroboter. Der AIPER Seagull SE Poolroboter mit Akku ist speziell f\u00fcr oberirdische Pools bis zu einer Fl\u00e4che von 80 Quadratmetern konzipiert. Seine Vorteile sind der gro\u00dfe 4000mAh-Akku, der eine Betriebsdauer von bis zu 90 Minuten erm\u00f6glicht. Dank der verbesserten, neu entwickelten Batterie ist er in nur 2,5 Stunden vollst\u00e4ndig aufgeladen. Der AIPER Poolroboter Akku sorgt f\u00fcr eine bessere und gr\u00fcndlichere Reinigung Ihres Pools.<\/li>\n<li>Leistungsstarke Saugfunktion: Dieser Poolroboter verf\u00fcgt \u00fcber leistungsstarke Dual-Antriebsmotoren, die die meisten Arten von Schmutz und Ablagerungen am Poolboden erkennen und aufsaugen k\u00f6nnen. Zwei unabh\u00e4ngige B\u00fcrsten am Poolstaubsauger helfen beim Schrubben des Pools. Mit dem AIPER Seagull SE Poolsauger k\u00f6nnen Sie Ihren Pool bequem und effizient reinigen. Jedes Mal, wenn Sie Ihren Pool reinigen, sparen Sie Energie, da keine Pumpen und Schl\u00e4uche ben\u00f6tigt werden.<\/li>\n<li>Einfach zu bedienen und zu reinigen: Mit einem Gewicht von nur 3,7 Kilogramm ist er sehr einfach zu handhaben und zu bedienen. Schalten Sie das Ger\u00e4t einfach ein, setzen Sie es ins Wasser und lassen Sie es los. Der Poolreiniger f\u00fchrt seine Aufgabe automatisch aus, ohne dass eine \u00dcberwachung erforderlich ist. Das Filterfach ist leicht zu reinigen: Entfernen Sie einfach den Deckel und sp\u00fclen Sie den Filter mit einem Schlauch ab. Geeignet f\u00fcr alle Beschichtungen (PVC, Fliesen, Vinyl oder Beton).<\/li>\n<li>Selbstparken: Mit der intelligenten Technologie des automatischen Parkens stoppt der AIPER Poolreinigungsroboter in der N\u00e4he der Poolwand, wenn der Akku des Poolroboters leer ist oder ein Arbeitszyklus beendet ist. Heben Sie ihn einfach mit dem mitgelieferten Haken aus dem Wasser, ohne nass zu werden. Der AIPER Seagull SE Poolstaubsauger ist schnell und effizient und f\u00fcr die m\u00fchelose Reinigung Ihres Pools konzipiert.<\/li>\n<li>LED-Anzeige: Vier 3-farbige LEDs zeigen den Status des Ger\u00e4ts an. Konzentrieren Sie sich wieder auf die wirklich wichtigen Dinge, verbringen Sie Zeit mit Familie und Freunden, w\u00e4hrend der Poolroboter die schmutzige Arbeit erledigt, sodass Sie ein entspanntes Wochenende genie\u00dfen k\u00f6nnen!<\/li>\n<\/ul>\n<p><strong>Product Information<\/strong><\/p>\n<ul>\n<table style=\"margin-bottom:20px\">\n<tbody>\n<tr>\n<td><strong>Betriebsart<\/strong><\/td>\n<td>Batteriebetrieben<\/td>\n<\/tr>\n<tr>\n<td><strong>Besondere Merkmale<\/strong><\/td>\n<td>Kabellos, Rechargeable, Leistungsstark, Benutzerfreundlich<\/td>\n<\/tr>\n<tr>\n<td><strong>Steuerungsart<\/strong><\/td>\n<td>Ber\u00fchren<\/td>\n<\/tr>\n<tr>\n<td><strong>Effizienz<\/strong><\/td>\n<td>gut oder hoch<\/td>\n<\/tr>\n<tr>\n<td><strong>Kapazit\u00e4t Lithium-Akku<\/strong><\/td>\n<td>44,4 Wattstunden<\/td>\n<\/tr>\n<tr>\n<td><strong>Anzahl der Batterien<\/strong><\/td>\n<td>1 Lithium-Polymer Batterien erforderlich (enthalten).<\/td>\n<\/tr>\n<tr>\n<td><strong>Batteriebeschreibung<\/strong><\/td>\n<td>Lithium-Ionen-Akku<\/td>\n<\/tr>\n<tr>\n<td><strong>Ladedauer<\/strong><\/td>\n<td>2,5 Stunden<\/td>\n<\/tr>\n<tr>\n<td><strong>Anzahl der Lithium-Ionen-Zellen<\/strong><\/td>\n<td>6<\/td>\n<\/tr>\n<tr>\n<td><strong>Tragf\u00e4higkeit<\/strong><\/td>\n<td>3 Kilogramm<\/td>\n<\/tr>\n<tr>\n<td><strong>Erforderliche Montage<\/strong><\/td>\n<td>Ja<\/td>\n<\/tr>\n<tr>\n<td><strong>Art der Garantie<\/strong><\/td>\n<td>Beschr\u00e4nkt<\/td>\n<\/tr>\n<tr>\n<td><strong>Montageart<\/strong><\/td>\n<td>robotic<\/td>\n<\/tr>\n<tr>\n<td><strong>Material<\/strong><\/td>\n<td>Kunststoff<\/td>\n<\/tr>\n<tr>\n<td><strong>Farbe<\/strong><\/td>\n<td>Dunkelgrau<\/td>\n<\/tr>\n<tr>\n<td><strong>Artikel Abmessungen L x B x H<\/strong><\/td>\n<td>34L x 34B x 18H cm<\/td>\n<\/tr>\n<tr>\n<td><strong>Artikelgewicht<\/strong><\/td>\n<td>7,6 Pfund<\/td>\n<\/tr>\n<tr>\n<td><strong>Battery Weight<\/strong><\/td>\n<td>300 Gramm<\/td>\n<\/tr>\n<tr>\n<td><strong>Marke<\/strong><\/td>\n<td>AIPER<\/td>\n<\/tr>\n<tr>\n<td><strong>Modellname<\/strong><\/td>\n<td>Seagull SE<\/td>\n<\/tr>\n<tr>\n<td><strong>Artikelnummer<\/strong><\/td>\n<td>Seagull SE<\/td>\n<\/tr>\n<tr>\n<td><strong>Modellnummer<\/strong><\/td>\n<td>Seagull SE<\/td>\n<\/tr>\n<tr>\n<td><strong>Anzahl von Einheiten<\/strong><\/td>\n<td>1.00 1<\/td>\n<\/tr>\n<tr>\n<td><strong>Herkunftsland<\/strong><\/td>\n<td>China<\/td>\n<\/tr>\n<tr>\n<td><strong>Artikeltypbezeichnung<\/strong><\/td>\n<td>AIPER 2023 new Poolroboter<\/td>\n<\/tr>\n<tr>\n<td><strong>Hersteller<\/strong><\/td>\n<td>AIPER<\/td>\n<\/tr>\n<tr>\n<td><strong>Amazon Bestseller-Rang<\/strong><\/td>\n<td><\/td>\n<\/tr>\n<tr>\n<td><strong>ASIN<\/strong><\/td>\n<td>B0BLRC1TFM<\/td>\n<\/tr>\n<tr>\n<td><strong>Durchschnittliche Kundenbewertung<\/strong><\/td>\n<td><\/td>\n<\/tr>\n<\/tbody>\n<\/table>\n<\/ul>","protected":false},"excerpt":{"rendered":"<p>Product Overview Marke: AIPER Modellname: Seagull SE Material: Kunststoff Farbe: Dunkelgrau Produktabmessungen: 34L x 34B x 18H cm Product Features<\/p>","protected":false},"featured_media":31747,"comment_status":"open","ping_status":"closed","template":"","meta":[],"product_brand":[],"product_cat":[153],"product_tag":[],"class_list":{"0":"post-31708","1":"product","2":"type-product","3":"status-publish","4":"has-post-thumbnail","6":"product_cat-poolroboter","8":"first","9":"instock","10":"sale","11":"shipping-taxable","12":"purchasable","13":"product-type-variable"},"jetpack_sharing_enabled":true,"_links":{"self":[{"href":"https:\/\/huggleup.shop\/en\/wp-json\/wp\/v2\/product\/31708","targetHints":{"allow":["GET"]}}],"collection":[{"href":"https:\/\/huggleup.shop\/en\/wp-json\/wp\/v2\/product"}],"about":[{"href":"https:\/\/huggleup.shop\/en\/wp-json\/wp\/v2\/types\/product"}],"replies":[{"embeddable":true,"href":"https:\/\/huggleup.shop\/en\/wp-json\/wp\/v2\/comments?post=31708"}],"version-history":[{"count":0,"href":"https:\/\/huggleup.shop\/en\/wp-json\/wp\/v2\/product\/31708\/revisions"}],"wp:featuredmedia":[{"embeddable":true,"href":"https:\/\/huggleup.shop\/en\/wp-json\/wp\/v2\/media\/31747"}],"wp:attachment":[{"href":"https:\/\/huggleup.shop\/en\/wp-json\/wp\/v2\/media?parent=31708"}],"wp:term":[{"taxonomy":"product_brand","embeddable":true,"href":"https:\/\/huggleup.shop\/en\/wp-json\/wp\/v2\/product_brand?post=31708"},{"taxonomy":"product_cat","embeddable":true,"href":"https:\/\/huggleup.shop\/en\/wp-json\/wp\/v2\/product_cat?post=31708"},{"taxonomy":"product_tag","embeddable":true,"href":"https:\/\/huggleup.shop\/en\/wp-json\/wp\/v2\/product_tag?post=31708"}],"curies":[{"name":"wp","href":"https:\/\/api.w.org\/{rel}","templated":true}]}}