{"id":31706,"date":"2026-05-10T15:46:49","date_gmt":"2026-05-10T15:46:49","guid":{"rendered":"https:\/\/huggleup.shop\/product\/aiper-kabelloser-poolroboter-automatische-poolreiniger-mit-fortschrittliche-partikelfiltration-100-130-minuten-akkulaufzeit-auto-park-technologie-ideal-fur-oberirdische-pools-bis-zu-100\/"},"modified":"2026-05-10T15:46:49","modified_gmt":"2026-05-10T15:46:49","slug":"aiper-kabelloser-poolroboter-automatische-poolreiniger-mit-fortschrittliche-partikelfiltration-100-130-minuten-akkulaufzeit-auto-park-technologie-ideal-fur-oberirdische-pools-bis-zu-100","status":"publish","type":"product","link":"https:\/\/huggleup.shop\/en\/product\/aiper-kabelloser-poolroboter-automatische-poolreiniger-mit-fortschrittliche-partikelfiltration-100-130-minuten-akkulaufzeit-auto-park-technologie-ideal-fur-oberirdische-pools-bis-zu-100\/","title":{"rendered":"Aiper Poolroboter Kabellos 100-130 Min Akku Partikelfiltration Auto-Park Oberirdische Pools 100m\u00b2"},"content":{"rendered":"<p><strong>Product Overview<\/strong><\/p>\n<ul>\n<li>\n<strong>Marke:<\/strong> AIPER<\/li>\n<li>\n<strong>Modellname:<\/strong> Scuba E1 X3<\/li>\n<li>\n<strong>Material:<\/strong> Acrylnitril-Butadien-Styrol (ABS)<\/li>\n<li>\n<strong>Farbe:<\/strong> Schwarz<\/li>\n<li>\n<strong>Produktabmessungen:<\/strong> 48,4L x 31,9B x 21,2H cm<\/li>\n<\/ul>\n<p><strong>Product Features<\/strong><\/p>\n<ul>\n<li>Leistungsstarkes Dreimotorensystem: Der Aiper Poolsauger verf\u00fcgt \u00fcber ein leistungsstarkes Dreimotorensystem. Mit einer Saugkraft von 3600 GPH \/13700 LPH entfernt er Schmutz auf dem Poolboden schneller und Effizienter als \u00e4hnliche Produkte die nur Einem Motor, Gr\u00f6\u00dferen Reinigungsabdeckung<\/li>\n<li>L\u00e4ngere Akkukapazit\u00e4t: Der leistungsstarke 7800 mAh Akku hat doppelt so viel Kapazit\u00e4t wie herk\u00f6mmliche Modelle und erm\u00f6glicht eine bis zu 100-130-min\u00fctige Reinigungszeit bei nur einer Ladung. Diese lange Akkulaufzeit gew\u00e4hrleistet eine gr\u00fcndliche Reinigung, was ihn zur idealen Wahl f\u00fcr Pools bis zu 100 m\u00b2 macht<\/li>\n<li>Fortschrittliche Partikelfiltration: Aiper Scuba E1, Upgrade-Modell des Aiper Scuba Se Poolroboters bietet mit seiner Dual-Level-Filtration noch effektivere Filtertechniken. Der 180 \u00b5m Filter entfernt gr\u00f6\u00dfere Verunreinigungen wie Bl\u00e4tter und Zweige, w\u00e4hrend der 3 \u00b5m Filter auch feinste Partikel f\u00e4ngt<\/li>\n<li>Oberkorb-Design: Der Aiper Poolroboter ist mit einem gro\u00dfz\u00fcgigen 3,6-Liter-Filterkorb ausgestattet, der deutlich mehr Schmutz aufnehmen kann als herk\u00f6mmliche fl\u00e4chige Filter. Besonders innovativ ist das nach oben entnehmbare Design des Filterkorbs, das sicherstellt, dass der aufgesammelte Schmutz w\u00e4hrend des Entfernens nicht herausf\u00e4llt. So bleibt der Schmutz im Korb, selbst wenn der Poolroboter angehoben wird<\/li>\n<li>Design mit Bodenrollenb\u00fcrste: Der poolroboter akku verf\u00fcgt \u00fcber eine hochwertige Silikonb\u00fcrste, die speziell f\u00fcr oberirdische Pools entwickelt wurde und den Poolboden reinigen kann, w\u00e4hrend sie Schmutz und Ablagerungen in das anspruchsvolle Filtrationssystem des poolsauger akku leitet<\/li>\n<li>Enfache Bedienung: Mit keinen komplizierten Einstellungen einfach die Ein\/Aus-Taste dr\u00fccken und die Reinigung beginnt direkt vor Ihren Augen. Poolroboters erhalten Sie auch eine 2-j\u00e4hrige Garantie und einen schnellen Verbraucherservice.<\/li>\n<\/ul>\n<p><strong>Product Information<\/strong><\/p>\n<ul>\n<table style=\"margin-bottom:20px\">\n<tbody>\n<tr>\n<td><strong>Betriebsart<\/strong><\/td>\n<td>Batteriebetrieben<\/td>\n<\/tr>\n<tr>\n<td><strong>Besondere Merkmale<\/strong><\/td>\n<td>Fortschrittliche Partikelfiltration<\/td>\n<\/tr>\n<tr>\n<td><strong>Steuerungsart<\/strong><\/td>\n<td>Ber\u00fchren<\/td>\n<\/tr>\n<tr>\n<td><strong>Effizienz<\/strong><\/td>\n<td>Effizient, Tiefenreinigung, automatische Reinigung<\/td>\n<\/tr>\n<tr>\n<td><strong>Kapazit\u00e4t Lithium-Akku<\/strong><\/td>\n<td>84,2 Wattstunden<\/td>\n<\/tr>\n<tr>\n<td><strong>Anzahl der Batterien<\/strong><\/td>\n<td>1 Lithium-Ionen Batterien erforderlich (enthalten).<\/td>\n<\/tr>\n<tr>\n<td><strong>Batteriebeschreibung<\/strong><\/td>\n<td>Lithium-Ionen<\/td>\n<\/tr>\n<tr>\n<td><strong>Ladedauer<\/strong><\/td>\n<td>2 Stunden<\/td>\n<\/tr>\n<tr>\n<td><strong>Capacity<\/strong><\/td>\n<td>3,6 Liter<\/td>\n<\/tr>\n<tr>\n<td><strong>Anzahl der Lithium-Ionen-Zellen<\/strong><\/td>\n<td>9<\/td>\n<\/tr>\n<tr>\n<td><strong>Tragf\u00e4higkeit<\/strong><\/td>\n<td>5,4 Kilogramm<\/td>\n<\/tr>\n<tr>\n<td><strong>Erforderliche Montage<\/strong><\/td>\n<td>Nein<\/td>\n<\/tr>\n<tr>\n<td><strong>Art der Garantie<\/strong><\/td>\n<td>2 Jahre<\/td>\n<\/tr>\n<tr>\n<td><strong>Montageart<\/strong><\/td>\n<td>Robotic<\/td>\n<\/tr>\n<tr>\n<td><strong>Material<\/strong><\/td>\n<td>Acrylnitril-Butadien-Styrol (ABS)<\/td>\n<\/tr>\n<tr>\n<td><strong>Artikel Abmessungen L x B x H<\/strong><\/td>\n<td>48,4L x 31,9B x 21,2H cm<\/td>\n<\/tr>\n<tr>\n<td><strong>Artikelgewicht<\/strong><\/td>\n<td>6,3 Kilogramm<\/td>\n<\/tr>\n<tr>\n<td><strong>Battery Weight<\/strong><\/td>\n<td>530 Gramm<\/td>\n<\/tr>\n<tr>\n<td><strong>Marke<\/strong><\/td>\n<td>AIPER<\/td>\n<\/tr>\n<tr>\n<td><strong>Modellname<\/strong><\/td>\n<td>Scuba E1 X3<\/td>\n<\/tr>\n<tr>\n<td><strong>Artikelnummer<\/strong><\/td>\n<td>6975140316769<\/td>\n<\/tr>\n<tr>\n<td><strong>Modellnummer<\/strong><\/td>\n<td>X3<\/td>\n<\/tr>\n<tr>\n<td><strong>Anzahl von Einheiten<\/strong><\/td>\n<td>6000.0 gramm<\/td>\n<\/tr>\n<tr>\n<td><strong>Herkunftsland<\/strong><\/td>\n<td>China<\/td>\n<\/tr>\n<tr>\n<td><strong>Artikeltypbezeichnung<\/strong><\/td>\n<td>Automatic Pool Cleaners<\/td>\n<\/tr>\n<tr>\n<td><strong>Hersteller<\/strong><\/td>\n<td>AIPER<\/td>\n<\/tr>\n<tr>\n<td><strong>Amazon Bestseller-Rang<\/strong><\/td>\n<td><\/td>\n<\/tr>\n<tr>\n<td><strong>ASIN<\/strong><\/td>\n<td>B0CRYBTS46<\/td>\n<\/tr>\n<tr>\n<td><strong>Durchschnittliche Kundenbewertung<\/strong><\/td>\n<td><\/td>\n<\/tr>\n<tr>\n<td><strong>Farbe<\/strong><\/td>\n<td>Schwarz<\/td>\n<\/tr>\n<\/tbody>\n<\/table>\n<\/ul>","protected":false},"excerpt":{"rendered":"<p>Product Overview Marke: AIPER Modellname: Scuba E1 X3 Material: Acrylnitril-Butadien-Styrol (ABS) Farbe: Schwarz Produktabmessungen: 48,4L x 31,9B x 21,2H cm<\/p>","protected":false},"featured_media":31707,"comment_status":"open","ping_status":"closed","template":"","meta":[],"product_brand":[],"product_cat":[153],"product_tag":[],"class_list":{"0":"post-31706","1":"product","2":"type-product","3":"status-publish","4":"has-post-thumbnail","6":"product_cat-poolroboter","8":"first","9":"instock","10":"sale","11":"shipping-taxable","12":"purchasable","13":"product-type-simple"},"jetpack_sharing_enabled":true,"_links":{"self":[{"href":"https:\/\/huggleup.shop\/en\/wp-json\/wp\/v2\/product\/31706","targetHints":{"allow":["GET"]}}],"collection":[{"href":"https:\/\/huggleup.shop\/en\/wp-json\/wp\/v2\/product"}],"about":[{"href":"https:\/\/huggleup.shop\/en\/wp-json\/wp\/v2\/types\/product"}],"replies":[{"embeddable":true,"href":"https:\/\/huggleup.shop\/en\/wp-json\/wp\/v2\/comments?post=31706"}],"version-history":[{"count":0,"href":"https:\/\/huggleup.shop\/en\/wp-json\/wp\/v2\/product\/31706\/revisions"}],"wp:featuredmedia":[{"embeddable":true,"href":"https:\/\/huggleup.shop\/en\/wp-json\/wp\/v2\/media\/31707"}],"wp:attachment":[{"href":"https:\/\/huggleup.shop\/en\/wp-json\/wp\/v2\/media?parent=31706"}],"wp:term":[{"taxonomy":"product_brand","embeddable":true,"href":"https:\/\/huggleup.shop\/en\/wp-json\/wp\/v2\/product_brand?post=31706"},{"taxonomy":"product_cat","embeddable":true,"href":"https:\/\/huggleup.shop\/en\/wp-json\/wp\/v2\/product_cat?post=31706"},{"taxonomy":"product_tag","embeddable":true,"href":"https:\/\/huggleup.shop\/en\/wp-json\/wp\/v2\/product_tag?post=31706"}],"curies":[{"name":"wp","href":"https:\/\/api.w.org\/{rel}","templated":true}]}}